{"id":6922,"date":"2023-11-19T10:39:22","date_gmt":"2023-11-19T10:39:22","guid":{"rendered":"https:\/\/demo.wpzoom.com\/inspiro-lite-blocks-xml\/?page_id=6922"},"modified":"2025-04-15T09:04:32","modified_gmt":"2025-04-15T09:04:32","slug":"homepage","status":"publish","type":"page","link":"http:\/\/umr.hr\/","title":{"rendered":"Homepage"},"content":{"rendered":"\n<div class=\"wp-block-cover alignfull\" style=\"min-height:100vh;aspect-ratio:unset;\"><span aria-hidden=\"true\" class=\"wp-block-cover__background has-background-dim-30 has-background-dim\" style=\"background-color:#667889\"><\/span><img loading=\"lazy\" decoding=\"async\" width=\"2560\" height=\"1673\" class=\"wp-block-cover__image-background wp-image-6964\" alt=\"\" src=\"https:\/\/umr.hr\/wp-content\/uploads\/2025\/04\/glen-carrie-HpMihL323k0-unsplash-scaled.jpg\" data-object-fit=\"cover\" srcset=\"http:\/\/umr.hr\/wp-content\/uploads\/2025\/04\/glen-carrie-HpMihL323k0-unsplash-scaled.jpg 2560w, http:\/\/umr.hr\/wp-content\/uploads\/2025\/04\/glen-carrie-HpMihL323k0-unsplash-300x196.jpg 300w, http:\/\/umr.hr\/wp-content\/uploads\/2025\/04\/glen-carrie-HpMihL323k0-unsplash-1024x669.jpg 1024w, http:\/\/umr.hr\/wp-content\/uploads\/2025\/04\/glen-carrie-HpMihL323k0-unsplash-2000x1307.jpg 2000w\" sizes=\"auto, (max-width: 2560px) 100vw, 2560px\" \/><div class=\"wp-block-cover__inner-container has-global-padding is-layout-constrained wp-block-cover-is-layout-constrained\">\n<h1 class=\"wp-block-heading has-text-align-center .shade { width: 100%; height: background: rgba(0,0,0,0.5); position: absolute; top: 0; left: } has-white-color has-text-color has-max-72-font-size\" style=\"border-style:none;border-width:0px\">Stvori. Zadivi. Nadahni.<\/h1>\n\n\n\n<hr class=\"wp-block-separator has-text-color has-alpha-channel-opacity has-background is-style-default\" style=\"margin-top:var(--wp--preset--spacing--x-small);margin-bottom:var(--wp--preset--spacing--x-small);background-color:#ffffff47;color:#ffffff47\"\/>\n\n\n\n<div style=\"height:25px\" aria-hidden=\"true\" class=\"wp-block-spacer\"><\/div>\n\n\n\n<p class=\"has-text-align-center has-white-color has-text-color has-medium-font-size\" style=\"border-radius:0px\"><strong>Postani dio na\u0161e pri\u010de.<\/strong><\/p>\n\n\n\n<div class=\"wp-block-buttons is-content-justification-center is-layout-flex wp-container-core-buttons-is-layout-a89b3969 wp-block-buttons-is-layout-flex\">\n<div class=\"wp-block-button is-style-outline is-style-outline--1\" style=\"font-style:normal;font-weight:600\"><a class=\"wp-block-button__link has-white-color has-text-color wp-element-button\" href=\"https:\/\/umr.hr\/?page_id=5592\" style=\"border-radius:0px;padding-top:5px;padding-right:var(--wp--preset--spacing--x-small);padding-bottom:5px;padding-left:var(--wp--preset--spacing--x-small)\">O nama<\/a><\/div>\n<\/div>\n<\/div><\/div>\n\n\n\n<div class=\"wp-block-group has-global-padding is-layout-constrained wp-container-core-group-is-layout-3a820303 wp-block-group-is-layout-constrained\" style=\"padding-right:var(--wp--preset--spacing--small);padding-left:var(--wp--preset--spacing--small)\">\n<div style=\"height:36px\" aria-hidden=\"true\" class=\"wp-block-spacer\"><\/div>\n\n\n\n<h2 class=\"wp-block-heading has-text-align-center has-medium-font-size\" style=\"letter-spacing:1px\">Istra\u017ei, u\u010di i stvaraj s nama \u2013 tvoj put u svijet inovacija po\u010dinje ovdje!<\/h2>\n\n\n\n<div style=\"height:24px\" aria-hidden=\"true\" class=\"wp-block-spacer\"><\/div>\n\n\n\n<p class=\"has-text-align-center\">Pridru\u017ei se &#8220;Mladim roboti\u010darima&#8221; i otkrij svijet robotike i novih tehnologija! Kroz zabavne radionice i natjecanja, razvijaj svoje vje\u0161tine i budi dio tehnolo\u0161ke budu\u0107nosti.<\/p>\n\n\n\n<div class=\"wp-block-buttons is-horizontal is-content-justification-center is-layout-flex wp-container-core-buttons-is-layout-03627597 wp-block-buttons-is-layout-flex\">\n<div class=\"wp-block-button has-custom-font-size is-style-outline has-small-font-size is-style-outline--2\" style=\"font-style:normal;font-weight:600\"><a class=\"wp-block-button__link wp-element-button\" href=\"https:\/\/umr.hr\/?page_id=5574\" style=\"border-radius:0px\">Radionice<\/a><\/div>\n<\/div>\n\n\n\n<div style=\"height:57px\" aria-hidden=\"true\" class=\"wp-block-spacer\"><\/div>\n<\/div>\n\n\n\n<div class=\"wp-block-group alignfull pattern_multiple_covers has-background-background-color has-background has-global-padding is-layout-constrained wp-block-group-is-layout-constrained\" id=\"services\">\n<div style=\"height:84px\" aria-hidden=\"true\" class=\"wp-block-spacer\"><\/div>\n\n\n\n<p class=\"has-text-align-left has-secondary-color has-text-color\" style=\"letter-spacing:1px\">Krenimo u svijet robotike zajedno<\/p>\n\n\n\n<h2 class=\"wp-block-heading has-text-align-left\">Na\u0161i trenutni projekti<\/h2>\n\n\n\n<p class=\"has-text-align-left\">Udruga &#8220;Mladi roboti\u010dari&#8221; nositelj je projekta FAUST- Fpv Akademija U SpliTu, gdje kroz radionice i edukaciju djecu i mlade uvodi u svijet robotike. Cilj je potaknuti kreativnost i tehni\u010dke vje\u0161tine za budu\u0107e inovatore!<\/p>\n\n\n\n<div style=\"height:46px\" aria-hidden=\"true\" class=\"wp-block-spacer\"><\/div>\n\n\n\n<div class=\"wp-block-columns is-layout-flex wp-container-core-columns-is-layout-28f84493 wp-block-columns-is-layout-flex\">\n<div class=\"wp-block-column is-layout-flow wp-block-column-is-layout-flow\" style=\"padding-top:0;padding-right:0;padding-bottom:0;padding-left:0\">\n<div class=\"wp-block-media-text is-stacked-on-mobile\"><figure class=\"wp-block-media-text__media\"><a href=\"https:\/\/faust.izvrsna.hr\/\"><img loading=\"lazy\" decoding=\"async\" width=\"1024\" height=\"809\" src=\"http:\/\/umr.hr\/wp-content\/uploads\/2025\/04\/FAUST-za-web-1-1024x809.png\" alt=\"\" class=\"wp-image-6971 size-full\" srcset=\"http:\/\/umr.hr\/wp-content\/uploads\/2025\/04\/FAUST-za-web-1-1024x809.png 1024w, http:\/\/umr.hr\/wp-content\/uploads\/2025\/04\/FAUST-za-web-1-300x237.png 300w, http:\/\/umr.hr\/wp-content\/uploads\/2025\/04\/FAUST-za-web-1-600x474.png 600w, http:\/\/umr.hr\/wp-content\/uploads\/2025\/04\/FAUST-za-web-1-1200x948.png 1200w, http:\/\/umr.hr\/wp-content\/uploads\/2025\/04\/FAUST-za-web-1.png 1448w\" sizes=\"auto, (max-width: 1024px) 100vw, 1024px\" \/><\/a><\/figure><div class=\"wp-block-media-text__content\">\n<p>Cilj projekta FAUST je ja\u010danje kapaciteta udruge u promociji STEM-a me\u0111u djecom i u\u010denicima kroz suradnju s Odjelom za informacijske znanosti FFOS, CARNET-om te vi\u0161e odgojnoobrazovnih institucija koje djeluju na podru\u010dju Splitsko-dalmatinske \u017eupanije. Projektom \u0107e se kroz dvije godine podi\u0107i kompetencije 10 djelatnika i volontera Udruge koji \u0107e svoj entuzijazam prenijeti na veliki broj u\u010denika u SD\u017d kroz odr\u017eavanje osmi\u0161ljenih kontinuiranih radionica s unaprijed razra\u0111enim programom u jednom relativno novom segmentu STEM-a \u2013 primjeni dronova u funkciji pametne poljoprivrede, ekologije, sigurnosti, turizma i e- sporta. Projekt \u0107e rezultirati i stvaranjem prve hrvatske \u0161kolske FPV dron lige u koju \u0107e se kao pilot uklju\u010diti \u0161kole partneri.<\/p>\n<\/div><\/div>\n<\/div>\n<\/div>\n\n\n\n<div style=\"height:103px\" aria-hidden=\"true\" class=\"wp-block-spacer\"><\/div>\n<\/div>\n\n\n\n<div id=\"partners\" class=\"wp-block-group has-global-padding is-content-justification-center is-layout-constrained wp-container-core-group-is-layout-13013c98 wp-block-group-is-layout-constrained\" style=\"padding-right:var(--wp--preset--spacing--small);padding-left:var(--wp--preset--spacing--small)\">\n<div style=\"height:80px\" aria-hidden=\"true\" class=\"wp-block-spacer\"><\/div>\n\n\n\n<div class=\"wp-block-group has-global-padding is-content-justification-left is-layout-constrained wp-container-core-group-is-layout-5d29898d wp-block-group-is-layout-constrained\" style=\"padding-top:0px;padding-right:0;padding-bottom:var(--wp--preset--spacing--small);padding-left:0\">\n<div class=\"wp-block-columns is-layout-flex wp-container-core-columns-is-layout-28f84493 wp-block-columns-is-layout-flex\">\n<div class=\"wp-block-column is-layout-flow wp-block-column-is-layout-flow\" style=\"flex-basis:60%\">\n<div style=\"height:20px\" aria-hidden=\"true\" class=\"wp-block-spacer\"><\/div>\n\n\n\n<p class=\"has-secondary-color has-text-color\">Na\u0161i partneri<\/p>\n\n\n\n<h2 class=\"wp-block-heading has-text-align-left\">Partnerske organizacije<\/h2>\n\n\n\n<div style=\"height:20px\" aria-hidden=\"true\" class=\"wp-block-spacer\"><\/div>\n\n\n\n<p class=\"has-text-align-left has-tertiary-color has-text-color\">Udruga se u svome radu oslanja na pojedince i ustanove koje dijele sli\u010dne interese.<\/p>\n<\/div>\n\n\n\n<div class=\"wp-block-column is-layout-flow wp-block-column-is-layout-flow\" style=\"flex-basis:40%\"><\/div>\n<\/div>\n<\/div>\n\n\n\n<div class=\"wp-block-group has-global-padding is-layout-constrained wp-block-group-is-layout-constrained\">\n<div class=\"wp-block-columns are-vertically-aligned-center is-layout-flex wp-container-core-columns-is-layout-28f84493 wp-block-columns-is-layout-flex\">\n<div class=\"wp-block-column is-vertically-aligned-center is-layout-flow wp-block-column-is-layout-flow\" style=\"flex-basis:20%\">\n<figure class=\"wp-block-image size-large\"><a href=\"https:\/\/rzc.izvrsna.hr\/\"><img loading=\"lazy\" decoding=\"async\" width=\"1024\" height=\"270\" src=\"http:\/\/umr.hr\/wp-content\/uploads\/2025\/04\/cropped-Adriatik_rzc_logo_horizontalni-1024x270.png\" alt=\"\" class=\"wp-image-6984\" srcset=\"http:\/\/umr.hr\/wp-content\/uploads\/2025\/04\/cropped-Adriatik_rzc_logo_horizontalni-1024x270.png 1024w, http:\/\/umr.hr\/wp-content\/uploads\/2025\/04\/cropped-Adriatik_rzc_logo_horizontalni-300x79.png 300w, http:\/\/umr.hr\/wp-content\/uploads\/2025\/04\/cropped-Adriatik_rzc_logo_horizontalni-2000x528.png 2000w\" sizes=\"auto, (max-width: 1024px) 100vw, 1024px\" \/><\/a><\/figure>\n<\/div>\n\n\n\n<div class=\"wp-block-column is-vertically-aligned-center is-layout-flow wp-block-column-is-layout-flow\" style=\"flex-basis:20%\">\n<figure class=\"wp-block-image size-full\"><a href=\"http:\/\/www.ztk-split.hr\/\"><img loading=\"lazy\" decoding=\"async\" width=\"512\" height=\"160\" src=\"https:\/\/umr.hr\/wp-content\/uploads\/2025\/04\/ZTK-logo.jpg\" alt=\"\" class=\"wp-image-6985\" srcset=\"http:\/\/umr.hr\/wp-content\/uploads\/2025\/04\/ZTK-logo.jpg 512w, http:\/\/umr.hr\/wp-content\/uploads\/2025\/04\/ZTK-logo-300x94.jpg 300w\" sizes=\"auto, (max-width: 512px) 100vw, 512px\" \/><\/a><\/figure>\n<\/div>\n\n\n\n<div class=\"wp-block-column is-vertically-aligned-center is-layout-flow wp-block-column-is-layout-flow\" style=\"flex-basis:20%\">\n<figure class=\"wp-block-image size-large\"><a href=\"https:\/\/ci-sdz.hr\/\"><img loading=\"lazy\" decoding=\"async\" width=\"1024\" height=\"315\" src=\"https:\/\/umr.hr\/wp-content\/uploads\/2025\/04\/cisdz-logo-1024x315.png\" alt=\"\" class=\"wp-image-6986\" srcset=\"http:\/\/umr.hr\/wp-content\/uploads\/2025\/04\/cisdz-logo-1024x315.png 1024w, http:\/\/umr.hr\/wp-content\/uploads\/2025\/04\/cisdz-logo-300x92.png 300w, http:\/\/umr.hr\/wp-content\/uploads\/2025\/04\/cisdz-logo.png 1640w\" sizes=\"auto, (max-width: 1024px) 100vw, 1024px\" \/><\/a><\/figure>\n<\/div>\n\n\n\n<div class=\"wp-block-column is-vertically-aligned-center is-layout-flow wp-block-column-is-layout-flow\" style=\"flex-basis:20%\"><\/div>\n\n\n\n<div class=\"wp-block-column is-vertically-aligned-center is-layout-flow wp-block-column-is-layout-flow\" style=\"flex-basis:20%\"><\/div>\n<\/div>\n<\/div>\n\n\n\n<div style=\"height:100px\" aria-hidden=\"true\" class=\"wp-block-spacer\"><\/div>\n<\/div>\n\n\n\n<div id=\"team\" class=\"wp-block-group has-global-padding is-layout-constrained wp-container-core-group-is-layout-3a820303 wp-block-group-is-layout-constrained\" style=\"padding-right:var(--wp--preset--spacing--small);padding-left:var(--wp--preset--spacing--small)\">\n<div class=\"wp-block-group is-layout-flow wp-block-group-is-layout-flow\">\n<div style=\"height:74px\" aria-hidden=\"true\" class=\"wp-block-spacer\"><\/div>\n<\/div>\n<\/div>\n\n\n\n<div class=\"wp-block-cover alignfull has-parallax is-position-center-center\" style=\"border-radius:0px\"><span aria-hidden=\"true\" class=\"wp-block-cover__background has-black-background-color has-background-dim-40 has-background-dim\"><\/span><div class=\"wp-block-cover__image-background wp-image-24 has-parallax\" style=\"background-position:50% 50%;background-image:url(https:\/\/demo.wpzoom.com\/inspiro-lite-blocks-xml\/wp-content\/themes\/inspiro-lite\/assets\/images\/StockSnap_89BQZ89TLH.jpg)\"><\/div><div class=\"wp-block-cover__inner-container is-layout-flow wp-block-cover-is-layout-flow\">\n<div class=\"wp-block-group has-global-padding is-layout-constrained wp-block-group-is-layout-constrained\">\n<h3 class=\"wp-block-heading has-text-align-center has-text-color has-medium-font-size\" style=\"color:#fffffa;text-transform:uppercase\">\u017delite se uklju\u010diti u na\u0161e aktivnosti<\/h3>\n\n\n\n<div style=\"height:32px\" aria-hidden=\"true\" class=\"wp-block-spacer\"><\/div>\n\n\n\n<p class=\"has-text-align-center has-white-color has-text-color\">Bilo da ste pojedinci sa sli\u010dnim idejama ili organizacije koje tra\u017ee kvalitetne partnere za svoje projekte, javite nam se<\/p>\n\n\n\n<div style=\"height:31px\" aria-hidden=\"true\" class=\"wp-block-spacer\"><\/div>\n\n\n\n<div class=\"wp-block-buttons is-horizontal is-content-justification-center is-layout-flex wp-container-core-buttons-is-layout-03627597 wp-block-buttons-is-layout-flex\">\n<div class=\"wp-block-button is-style-outline is-style-outline--3\" style=\"font-style:normal;font-weight:600\"><a class=\"wp-block-button__link has-white-color has-text-color wp-element-button\" href=\"https:\/\/umr.hr\/?page_id=628\" style=\"border-radius:0px\">Kontaktirajte nas<\/a><\/div>\n<\/div>\n<\/div>\n<\/div><\/div>\n\n\n\n<div id=\"news\" class=\"wp-block-group has-global-padding is-layout-constrained wp-container-core-group-is-layout-3a820303 wp-block-group-is-layout-constrained\" style=\"padding-right:var(--wp--preset--spacing--small);padding-left:var(--wp--preset--spacing--small)\">\n<div style=\"height:108px\" aria-hidden=\"true\" class=\"wp-block-spacer\"><\/div>\n\n\n\n<p class=\"has-text-align-left has-secondary-color has-text-color\">FROM THE BLOG<\/p>\n\n\n\n<h2 class=\"wp-block-heading has-text-align-left\">Latest News<\/h2>\n\n\n\n<div style=\"height:33px\" aria-hidden=\"true\" class=\"wp-block-spacer\"><\/div>\n\n\n\n<div class=\"wp-block-query is-layout-flow wp-block-query-is-layout-flow\"><ul class=\"columns-3 wp-block-post-template is-layout-grid wp-container-core-post-template-is-layout-6aac66c0 wp-block-post-template-is-layout-grid\"><li class=\"wp-block-post post-7091 post type-post status-publish format-standard has-post-thumbnail hentry category-faust\">\n<figure style=\"width:100%;height:240px; margin-bottom:var(--wp--preset--spacing--small);\" class=\"wp-block-post-featured-image\"><a href=\"http:\/\/umr.hr\/?p=7091\" target=\"_self\"  style=\"height:240px\"><img loading=\"lazy\" decoding=\"async\" width=\"2560\" height=\"1920\" src=\"http:\/\/umr.hr\/wp-content\/uploads\/2025\/10\/za-objavu.jpg\" class=\"attachment-post-thumbnail size-post-thumbnail wp-post-image\" alt=\"6. javni poziv roditeljima i djeci za uklju\u010divanje u projektne aktivnosti\u00a0\u2013 Projekt \u201cFAUST-FPV Akademija u Splitu\u201d kojeg provodi na\u0161a udruga\" style=\"border-radius:5px;height:240px;object-fit:cover;\" srcset=\"http:\/\/umr.hr\/wp-content\/uploads\/2025\/10\/za-objavu.jpg 2560w, http:\/\/umr.hr\/wp-content\/uploads\/2025\/10\/za-objavu-300x225.jpg 300w, http:\/\/umr.hr\/wp-content\/uploads\/2025\/10\/za-objavu-1024x768.jpg 1024w, http:\/\/umr.hr\/wp-content\/uploads\/2025\/10\/za-objavu-2000x1500.jpg 2000w, http:\/\/umr.hr\/wp-content\/uploads\/2025\/10\/za-objavu-1536x1152.jpg 1536w, http:\/\/umr.hr\/wp-content\/uploads\/2025\/10\/za-objavu-2048x1536.jpg 2048w, http:\/\/umr.hr\/wp-content\/uploads\/2025\/10\/za-objavu-600x450.jpg 600w, http:\/\/umr.hr\/wp-content\/uploads\/2025\/10\/za-objavu-1200x900.jpg 1200w\" sizes=\"auto, 100vw\" \/><\/a><\/figure>\n\n<div style=\"margin-top:var(--wp--preset--spacing--x-small);margin-bottom:0;\" class=\"has-link-color wp-elements-892000e0ac5a11bb894c93c62fe34b06 wp-block-post-date has-text-color has-tertiary-color\"><time datetime=\"2025-10-01T20:52:37+00:00\">October 1, 2025<\/time><\/div>\n\n<h3 style=\"margin-top:0;margin-bottom:var(--wp--preset--spacing--x-small);\" class=\"has-link-color wp-elements-2e75b4e4fab489cf445e03eda13279d1 wp-block-post-title\"><a href=\"http:\/\/umr.hr\/?p=7091\" target=\"_self\" >6. javni poziv roditeljima i djeci za uklju\u010divanje u projektne aktivnosti\u00a0\u2013 Projekt \u201cFAUST-FPV Akademija u Splitu\u201d kojeg provodi na\u0161a udruga<\/a><\/h3>\n\n<div class=\"has-link-color wp-elements-61eeeb1d6c31f3761cb8bc35b6e1a095 wp-block-post-excerpt has-text-color has-tertiary-color\"><p class=\"wp-block-post-excerpt__excerpt\">Pozivamo Vas da uklju\u010dite Va\u0161u djecu u radionice iz podru\u010dja STEM-a kako bi s nama uronila u svijet robotike, dronova i znanosti te po\u010dela svoj put mladih inovatora! Projektne aktivnosti za su u potpunosti besplatne, a sam projekt&hellip; <\/p><\/div>\n\n<a style=\"font-style:normal;font-weight:500;text-transform:uppercase;letter-spacing:1px; border-width:2px; padding-right:var(--wp--preset--spacing--x-small);padding-left:var(--wp--preset--spacing--x-small);padding-top:10px;padding-bottom:10px;\" class=\"wp-block-read-more has-text-color has-foreground-color has-x-small-font-size\" href=\"http:\/\/umr.hr\/?p=7091\" target=\"_self\">Read more<span class=\"screen-reader-text\">: 6. javni poziv roditeljima i djeci za uklju\u010divanje u projektne aktivnosti\u00a0\u2013 Projekt \u201cFAUST-FPV Akademija u Splitu\u201d kojeg provodi na\u0161a udruga<\/span><\/a>\n<\/li><li class=\"wp-block-post post-7080 post type-post status-publish format-standard hentry category-dron-explorers category-uncategorized\">\n\n\n<div style=\"margin-top:var(--wp--preset--spacing--x-small);margin-bottom:0;\" class=\"has-link-color wp-elements-892000e0ac5a11bb894c93c62fe34b06 wp-block-post-date has-text-color has-tertiary-color\"><time datetime=\"2025-05-26T20:26:48+00:00\">May 26, 2025<\/time><\/div>\n\n<h3 style=\"margin-top:0;margin-bottom:var(--wp--preset--spacing--x-small);\" class=\"has-link-color wp-elements-2e75b4e4fab489cf445e03eda13279d1 wp-block-post-title\"><a href=\"http:\/\/umr.hr\/?p=7080\" target=\"_self\" >Zavr\u0161na manifestacija Dron Explorers<\/a><\/h3>\n\n<div class=\"has-link-color wp-elements-61eeeb1d6c31f3761cb8bc35b6e1a095 wp-block-post-excerpt has-text-color has-tertiary-color\"><p class=\"wp-block-post-excerpt__excerpt\">Zavr\u0161na, peta, manifestacija nam je do\u0161la zajedno sa zavr\u0161etkom \u0161kolske godine. Nakon \u0161kole i STEM-a slijedi ljetni odmor! <\/p><\/div>\n\n<a style=\"font-style:normal;font-weight:500;text-transform:uppercase;letter-spacing:1px; border-width:2px; padding-right:var(--wp--preset--spacing--x-small);padding-left:var(--wp--preset--spacing--x-small);padding-top:10px;padding-bottom:10px;\" class=\"wp-block-read-more has-text-color has-foreground-color has-x-small-font-size\" href=\"http:\/\/umr.hr\/?p=7080\" target=\"_self\">Read more<span class=\"screen-reader-text\">: Zavr\u0161na manifestacija Dron Explorers<\/span><\/a>\n<\/li><li class=\"wp-block-post post-7071 post type-post status-publish format-standard hentry category-dron-explorers category-projekti\">\n\n\n<div style=\"margin-top:var(--wp--preset--spacing--x-small);margin-bottom:0;\" class=\"has-link-color wp-elements-892000e0ac5a11bb894c93c62fe34b06 wp-block-post-date has-text-color has-tertiary-color\"><time datetime=\"2025-05-14T19:23:17+00:00\">May 14, 2025<\/time><\/div>\n\n<h3 style=\"margin-top:0;margin-bottom:var(--wp--preset--spacing--x-small);\" class=\"has-link-color wp-elements-2e75b4e4fab489cf445e03eda13279d1 wp-block-post-title\"><a href=\"http:\/\/umr.hr\/?p=7071\" target=\"_self\" >\u010cetvrta manifestacija \u201eDron Explorers\u201c<\/a><\/h3>\n\n<div class=\"has-link-color wp-elements-61eeeb1d6c31f3761cb8bc35b6e1a095 wp-block-post-excerpt has-text-color has-tertiary-color\"><p class=\"wp-block-post-excerpt__excerpt\">\u010cetvrta manifestacija \u201eDron Explorers\u201c je odr\u017eana u u Regionalnom znanstvenom centru Adriatic na kojoj su sudjelovali i u\u010denici iz oto\u010dkih \u0161kola. <\/p><\/div>\n\n<a style=\"font-style:normal;font-weight:500;text-transform:uppercase;letter-spacing:1px; border-width:2px; padding-right:var(--wp--preset--spacing--x-small);padding-left:var(--wp--preset--spacing--x-small);padding-top:10px;padding-bottom:10px;\" class=\"wp-block-read-more has-text-color has-foreground-color has-x-small-font-size\" href=\"http:\/\/umr.hr\/?p=7071\" target=\"_self\">Read more<span class=\"screen-reader-text\">: \u010cetvrta manifestacija \u201eDron Explorers\u201c<\/span><\/a>\n<\/li><\/ul>\n\n<\/div>\n\n\n\n<div style=\"height:85px\" aria-hidden=\"true\" class=\"wp-block-spacer\"><\/div>\n<\/div>\n","protected":false},"excerpt":{"rendered":"<p>Istra\u017ei, u\u010di i stvaraj s nama \u2013 tvoj put u svijet inovacija po\u010dinje ovdje! Pridru\u017ei se &#8220;Mladim roboti\u010darima&#8221; i otkrij svijet robotike i novih tehnologija! Kroz zabavne radionice i natjecanja, razvijaj svoje vje\u0161tine i budi dio tehnolo\u0161ke budu\u0107nosti. Krenimo u svijet robotike zajedno Na\u0161i trenutni projekti Udruga &#8220;Mladi roboti\u010dari&#8221; nositelj je projekta FAUST- Fpv Akademija &hellip; <\/p>\n<p class=\"link-more\"><a href=\"http:\/\/umr.hr\/\" class=\"more-link\">Read more<span class=\"screen-reader-text\"> &#8220;Homepage&#8221;<\/span><\/a><\/p>\n","protected":false},"author":1,"featured_media":0,"parent":0,"menu_order":0,"comment_status":"closed","ping_status":"closed","template":"page-templates\/full-width-transparent.php","meta":{"footnotes":""},"class_list":["post-6922","page","type-page","status-publish","hentry"],"featured_media_urls":[],"_links":{"self":[{"href":"http:\/\/umr.hr\/index.php?rest_route=\/wp\/v2\/pages\/6922","targetHints":{"allow":["GET"]}}],"collection":[{"href":"http:\/\/umr.hr\/index.php?rest_route=\/wp\/v2\/pages"}],"about":[{"href":"http:\/\/umr.hr\/index.php?rest_route=\/wp\/v2\/types\/page"}],"author":[{"embeddable":true,"href":"http:\/\/umr.hr\/index.php?rest_route=\/wp\/v2\/users\/1"}],"replies":[{"embeddable":true,"href":"http:\/\/umr.hr\/index.php?rest_route=%2Fwp%2Fv2%2Fcomments&post=6922"}],"version-history":[{"count":21,"href":"http:\/\/umr.hr\/index.php?rest_route=\/wp\/v2\/pages\/6922\/revisions"}],"predecessor-version":[{"id":7000,"href":"http:\/\/umr.hr\/index.php?rest_route=\/wp\/v2\/pages\/6922\/revisions\/7000"}],"wp:attachment":[{"href":"http:\/\/umr.hr\/index.php?rest_route=%2Fwp%2Fv2%2Fmedia&parent=6922"}],"curies":[{"name":"wp","href":"https:\/\/api.w.org\/{rel}","templated":true}]}}